{"id":155,"date":"2014-01-01T00:46:40","date_gmt":"2013-12-31T23:46:40","guid":{"rendered":"http:\/\/shop.winckelmann-gesellschaft.com\/mitglieder\/produkt\/heide-betz-die-tueren-von-san-miguel-del-allende-mexiko\/"},"modified":"2014-07-05T21:33:42","modified_gmt":"2014-07-05T20:33:42","slug":"heide-betz-die-tueren-von-san-miguel-del-allende-mexiko","status":"publish","type":"product","link":"https:\/\/shop.winckelmann-gesellschaft.com\/mitglieder\/produkt\/heide-betz-die-tueren-von-san-miguel-del-allende-mexiko\/","title":{"rendered":"Heide Betz: Die T\u00fcren von San Miguel del Allende (Mexiko)."},"content":{"rendered":"<p>Heide van Doren Betz fand auf ihren Reisen nach Mexiko ein Motiv, das sie faszinierte: Die T\u00fcren alter mexikanischer H\u00e4user erinnerten die passionierte Sammlerin alter Kunst an die antiken Pforten in den untergegangenen Vesuvst\u00e4dten. Es entstanden Fotoserien, die eine spannungsreiche Verkn\u00fcpfung zwischen Alt und Neu schufen. San Miguel del Allende ist eine \u201eBilderbuchstadt\u201c<br \/>\naus der spanischen Kolonialzeit im zentralen Hochland von Mexiko. Der Ort ist nicht nur ein beliebtes Ausflugsziel, sondern weist zudem noch ein vielf\u00e4ltiges kulturelles Leben zwischen Tradition und aktueller Kunst auf. Kopfsteinpflaster auf den Stra\u00dfen, H\u00e4user in kr\u00e4ftigen Farben mit ebensolchen T\u00fcren bieten ein malerisches Bild, doch aus der strengen Kameraperspektive von Heide Betz entstehen geradezu abstrakte Kompositionen, die weit \u00fcber das Folkloristische hinausweisen. Heide Betz wurde in Bensheim in Deutschland geboren. Sie ist in Kalifornien als Kunsth\u00e4ndlerin \u00e4u\u00dferst erfolgreich t\u00e4tig. In den letzten Jahren hat sie ihre Passion f\u00fcr die Fotografie entdeckt. Nach mehrer\u201een Ausstellungen in den USA waren ihre Werke in Deutschland erstmalig im Winckelmann-Museum Stendal zu sehen.<\/p>\n","protected":false},"excerpt":{"rendered":"<p>Hrsg. im Auftrag der<br \/>\nWinckelmann-Gesellschaft von<br \/>\nMax Kunze Stendal,<br \/>\nVerlag Franz Philipp Rutzen<br \/>\nRuhpolding und Mainz 2007.<br \/>\n64 Seiten, 58 Farbabbildungen.<br \/>\n15,00 Euro (Mitglieder 9,00 Euro)<\/p>\n","protected":false},"featured_media":156,"comment_status":"open","ping_status":"closed","template":"","meta":[],"_links":{"self":[{"href":"https:\/\/shop.winckelmann-gesellschaft.com\/mitglieder\/wp-json\/wp\/v2\/product\/155"}],"collection":[{"href":"https:\/\/shop.winckelmann-gesellschaft.com\/mitglieder\/wp-json\/wp\/v2\/product"}],"about":[{"href":"https:\/\/shop.winckelmann-gesellschaft.com\/mitglieder\/wp-json\/wp\/v2\/types\/product"}],"replies":[{"embeddable":true,"href":"https:\/\/shop.winckelmann-gesellschaft.com\/mitglieder\/wp-json\/wp\/v2\/comments?post=155"}],"wp:featuredmedia":[{"embeddable":true,"href":"https:\/\/shop.winckelmann-gesellschaft.com\/mitglieder\/wp-json\/wp\/v2\/media\/156"}],"wp:attachment":[{"href":"https:\/\/shop.winckelmann-gesellschaft.com\/mitglieder\/wp-json\/wp\/v2\/media?parent=155"}],"curies":[{"name":"wp","href":"https:\/\/api.w.org\/{rel}","templated":true}]}}