{"id":151,"date":"2014-01-01T00:55:07","date_gmt":"2013-12-31T23:55:07","guid":{"rendered":"http:\/\/shop.winckelmann-gesellschaft.com\/mitglieder\/produkt\/eva-hofstetter-griechische-vasen-die-sammlung-lichtenhahn\/"},"modified":"2014-07-05T21:34:56","modified_gmt":"2014-07-05T20:34:56","slug":"eva-hofstetter-griechische-vasen-die-sammlung-lichtenhahn","status":"publish","type":"product","link":"https:\/\/shop.winckelmann-gesellschaft.com\/mitglieder\/produkt\/eva-hofstetter-griechische-vasen-die-sammlung-lichtenhahn\/","title":{"rendered":"Eva Hofstetter: Griechische Vasen. Die Sammlung Lichtenhahn."},"content":{"rendered":"<p>Die Sammlung des Schauspielers Fritz Lichtenhahn hat ihr eigenes Profil: weder die chronologische und geographische Breite antiker Kermikproduktion noch die Vielfalt von Form, Material und Dekor,<br \/>\nsondern ausschlie\u00dflich die h\u00f6chste Qualit\u00e4t attischer Vasen interessierte den Sammler. Ihre Formen und die Malereien zeugen von einer k\u00fcnstlerischen Reife, von gelungenen Kompositionen und originellen Themen. Zu den herausragenden St\u00fccken der Sammlung geh\u00f6ren u.a. eine attisch rotfigurige Trinkschale des Brygos-Malers und eine attisch rotfigurige Lekythos (\u00d6lk\u00e4nnchen) des Berliner Malers sowie eine rotfigurige Trinkschale des Ancona-Malers. Mit gro\u00dfer Kennerschaft haben er und seine Frau eine kleine, erlesene Sammlung mit Beispielen aus der k\u00fcnstlerischen Glanzzeit Athens<br \/>\nzusammengetragen, in eine Stiftung eingebracht und diese der Winckelmann-Gesellschaft zur Betreuung und Pflege anvertraut.<\/p>\n","protected":false},"excerpt":{"rendered":"<p>Hrsg. im Auftrag der<br \/>\nWinckelmann-Gesellschaft von<br \/>\nMax Kunze Stendal,<br \/>\nVerlag Franz Philipp Rutzen<br \/>\nRuhpolding und Mainz und<br \/>\nHarrassowitz Verlag, 2009<br \/>\n112 Seiten mit 75 Farbabbildungen.<br \/>\nISBN 978-3-938646-43-4<br \/>\n32,00 Euro (Mitglieder 16,00 Euro)<\/p>\n","protected":false},"featured_media":152,"comment_status":"open","ping_status":"closed","template":"","meta":[],"_links":{"self":[{"href":"https:\/\/shop.winckelmann-gesellschaft.com\/mitglieder\/wp-json\/wp\/v2\/product\/151"}],"collection":[{"href":"https:\/\/shop.winckelmann-gesellschaft.com\/mitglieder\/wp-json\/wp\/v2\/product"}],"about":[{"href":"https:\/\/shop.winckelmann-gesellschaft.com\/mitglieder\/wp-json\/wp\/v2\/types\/product"}],"replies":[{"embeddable":true,"href":"https:\/\/shop.winckelmann-gesellschaft.com\/mitglieder\/wp-json\/wp\/v2\/comments?post=151"}],"wp:featuredmedia":[{"embeddable":true,"href":"https:\/\/shop.winckelmann-gesellschaft.com\/mitglieder\/wp-json\/wp\/v2\/media\/152"}],"wp:attachment":[{"href":"https:\/\/shop.winckelmann-gesellschaft.com\/mitglieder\/wp-json\/wp\/v2\/media?parent=151"}],"curies":[{"name":"wp","href":"https:\/\/api.w.org\/{rel}","templated":true}]}}