{"id":14,"date":"2014-05-02T00:53:22","date_gmt":"2014-05-01T23:53:22","guid":{"rendered":"http:\/\/shop.winckelmann-gesellschaft.com\/mitglieder\/produkt\/mathias-rene-hofter-die-sinnlichkeit-des-ideals-zur-begruendung-von-johann-joachim-winckelmanns-archaeologie\/"},"modified":"2014-07-04T20:44:17","modified_gmt":"2014-07-04T19:44:17","slug":"mathias-rene-hofter-die-sinnlichkeit-des-ideals-zur-begruendung-von-johann-joachim-winckelmanns-archaeologie","status":"publish","type":"product","link":"https:\/\/shop.winckelmann-gesellschaft.com\/mitglieder\/produkt\/mathias-rene-hofter-die-sinnlichkeit-des-ideals-zur-begruendung-von-johann-joachim-winckelmanns-archaeologie\/","title":{"rendered":"Mathias Ren\u00e9 Hofter: Die Sinnlichkeit des Ideals. Zur Begr\u00fcndung von Johann Joachim Winckelmanns Arch\u00e4ologie."},"content":{"rendered":"<p>Johann Joachim Winckelmann wissenschaftliche Methodik ist sehr viel mehr, als er selber zugestand, in den kunsthistorischen und arch\u00e4ologischen Debatten des Barock verwurzelt und<br \/>\nseine originelle Leistung l\u00e4sst sich erst vor diesem Hintergrund ermessen. Die Arbeit untersucht den Kenntnisstand der Arch\u00e4ologie im 18. Jahrhundert, dann die Auseinandersetzung<br \/>\nWinckelmanns mit den italienischen, franz\u00f6sischen und englischen Kunsthistorikern im Rahmen der Kontroversen um Antike und Moderne sowie Rationalismus und Sensualismus.<br \/>\nDie erste Anwendung dieser Kategorien in Winckelmanns Manuskripten zur Beschreibung der r\u00f6mischen Antiken m\u00fcndete schlie\u00dflich in seinem eigenen Entwurf in der \u201eGeschichte der Kunst des Alterthums\u201c. Analysiert wird die Genese von Winckelmanns Erkenntnisstrategien sowie ihre M\u00f6glichkeiten und Grenzen, ihre ideologischen und erotischen Ambitionen und ihre Aporien und Widerspr\u00fcche.<\/p>\n","protected":false},"excerpt":{"rendered":"<p>Stendaler Winckelmann-Forschungen 7<br \/>\nVerlag Franz Philipp Rutzen<br \/>\nRuhpolding und Mainz 2008.<br \/>\nHrsg. von Max Kunze<br \/>\n298 S., 73 Abb.<br \/>\nISBN 3-938646-14-4<br \/>\n39 \u20ac (f\u00fcr Mitglieder: 20,00 \u20ac)<\/p>\n","protected":false},"featured_media":15,"comment_status":"open","ping_status":"closed","template":"","meta":[],"_links":{"self":[{"href":"https:\/\/shop.winckelmann-gesellschaft.com\/mitglieder\/wp-json\/wp\/v2\/product\/14"}],"collection":[{"href":"https:\/\/shop.winckelmann-gesellschaft.com\/mitglieder\/wp-json\/wp\/v2\/product"}],"about":[{"href":"https:\/\/shop.winckelmann-gesellschaft.com\/mitglieder\/wp-json\/wp\/v2\/types\/product"}],"replies":[{"embeddable":true,"href":"https:\/\/shop.winckelmann-gesellschaft.com\/mitglieder\/wp-json\/wp\/v2\/comments?post=14"}],"wp:featuredmedia":[{"embeddable":true,"href":"https:\/\/shop.winckelmann-gesellschaft.com\/mitglieder\/wp-json\/wp\/v2\/media\/15"}],"wp:attachment":[{"href":"https:\/\/shop.winckelmann-gesellschaft.com\/mitglieder\/wp-json\/wp\/v2\/media?parent=14"}],"curies":[{"name":"wp","href":"https:\/\/api.w.org\/{rel}","templated":true}]}}