{"id":124,"date":"2014-03-14T12:49:43","date_gmt":"2014-03-14T11:49:43","guid":{"rendered":"http:\/\/shop.winckelmann-gesellschaft.com\/mitglieder\/produkt\/denis-m-sweet-die-grenzen-der-aufklaerung-winckelmann-im-englischen-sprachraum-max-l-baeumer-winckelmanns-auffassung-republikanischer-freiheit-und-sein-einfluss-auf-die-kunst-der-franzoesische\/"},"modified":"2016-05-20T17:29:42","modified_gmt":"2016-05-20T16:29:42","slug":"denis-m-sweet-die-grenzen-der-aufklaerung-winckelmann-im-englischen-sprachraum-max-l-baeumer-winckelmanns-auffassung-republikanischer-freiheit-und-sein-einfluss-auf-die-kunst-der-franzoesische","status":"publish","type":"product","link":"https:\/\/shop.winckelmann-gesellschaft.com\/mitglieder\/produkt\/denis-m-sweet-die-grenzen-der-aufklaerung-winckelmann-im-englischen-sprachraum-max-l-baeumer-winckelmanns-auffassung-republikanischer-freiheit-und-sein-einfluss-auf-die-kunst-der-franzoesische\/","title":{"rendered":"Denis M. Sweet: Die Grenzen der Aufkl\u00e4rung. Winckelmann im englischen Sprachraum. \/ Max L. Baeumer: Winckelmanns Auffassung republikanischer Freiheit und sein Einflu\u00df auf die Kunst der Franz\u00f6sischen Revolution."},"content":{"rendered":"","protected":false},"excerpt":{"rendered":"<p>Beitr\u00e4ge der Winckelmann-Gesellschaft, Band XVI<br \/>\nStendal 1986. 34 S.<br \/>\n2,00 Euro (Mitglieder 1,50 Euro)<\/p>\n","protected":false},"featured_media":324,"comment_status":"open","ping_status":"closed","template":"","meta":[],"_links":{"self":[{"href":"https:\/\/shop.winckelmann-gesellschaft.com\/mitglieder\/wp-json\/wp\/v2\/product\/124"}],"collection":[{"href":"https:\/\/shop.winckelmann-gesellschaft.com\/mitglieder\/wp-json\/wp\/v2\/product"}],"about":[{"href":"https:\/\/shop.winckelmann-gesellschaft.com\/mitglieder\/wp-json\/wp\/v2\/types\/product"}],"replies":[{"embeddable":true,"href":"https:\/\/shop.winckelmann-gesellschaft.com\/mitglieder\/wp-json\/wp\/v2\/comments?post=124"}],"wp:featuredmedia":[{"embeddable":true,"href":"https:\/\/shop.winckelmann-gesellschaft.com\/mitglieder\/wp-json\/wp\/v2\/media\/324"}],"wp:attachment":[{"href":"https:\/\/shop.winckelmann-gesellschaft.com\/mitglieder\/wp-json\/wp\/v2\/media?parent=124"}],"curies":[{"name":"wp","href":"https:\/\/api.w.org\/{rel}","templated":true}]}}