{"id":12,"date":"2014-05-02T00:52:29","date_gmt":"2014-05-01T23:52:29","guid":{"rendered":"http:\/\/shop.winckelmann-gesellschaft.com\/mitglieder\/produkt\/juergen-hodske-mythologische-bildthemen-in-den-haeusern-pompejis-die-bedeutung-der-zentralen-mythenbilder-fuer-die-bewohner-pompejis\/"},"modified":"2014-07-04T20:45:17","modified_gmt":"2014-07-04T19:45:17","slug":"juergen-hodske-mythologische-bildthemen-in-den-haeusern-pompejis-die-bedeutung-der-zentralen-mythenbilder-fuer-die-bewohner-pompejis","status":"publish","type":"product","link":"https:\/\/shop.winckelmann-gesellschaft.com\/mitglieder\/produkt\/juergen-hodske-mythologische-bildthemen-in-den-haeusern-pompejis-die-bedeutung-der-zentralen-mythenbilder-fuer-die-bewohner-pompejis\/","title":{"rendered":"J\u00fcrgen Hodske: Mythologische Bildthemen in den H\u00e4usern Pompejis. Die Bedeutung der zentralen Mythenbilder f\u00fcr die Bewohner Pompejis."},"content":{"rendered":"<p>Der Band legt erstmals ein Kompedium vor, das die zentralen Mythenbilder in Form eines tabellarischen und beschreibenden Katalogs vollst\u00e4ndig erfa\u00dft und zus\u00e4tzlich durch Fotos der Originale<br \/>\noder Nachbildungen aus der Zeit der Ausgrabungen in einem Tafelband illustriert. Insgesamt wurden 856 Mythenbilder aufgenommen, 654 davon photographisch dokumentiert.<br \/>\nBei heute zerst\u00f6rten oder verschollenen Originalen wurde auf Nachbildungen zur\u00fcckgegriffen. Dabei lassen sich interessante Beobachtungen festhalten: In Pompeji und Herculaneum werden<br \/>\nDarstellungen der Schutzg\u00f6tter Venus und Hercules bevorzugt. Die in Pompeji dominierenden Leitthemen und sinnlich-erotischen Darstellungen fehlen weitgehend in der Nachbarstadt.<br \/>\nF\u00fcr Arch\u00e4ologen und Kunsthistoriker ist der Band vor allem auf dem Gebiet der Ikonographie aufgrund der Vollst\u00e4ndigkeit der Materials ein Standardwerk.<\/p>\n","protected":false},"excerpt":{"rendered":"<p>Stendaler Winckelmann-Forschungen 6<br \/>\nVerlag Franz Philipp Rutzen<br \/>\nRuhpolding und Mainz 2007.<br \/>\nHrsg. von Max Kunze<br \/>\n328 S., 213 Abb., 30 Diagramme, 8 Farbtaf.<br \/>\nmit 32 Abb. und 204 Schwarzwei\u00dftaf. mit<br \/>\n874 Abb., 1 CD-ROM<br \/>\nISBN 3-938646-13-6<br \/>\n75 \u20ac (f\u00fcr Mitglieder: 52,50 \u20ac)<\/p>\n","protected":false},"featured_media":13,"comment_status":"open","ping_status":"closed","template":"","meta":[],"_links":{"self":[{"href":"https:\/\/shop.winckelmann-gesellschaft.com\/mitglieder\/wp-json\/wp\/v2\/product\/12"}],"collection":[{"href":"https:\/\/shop.winckelmann-gesellschaft.com\/mitglieder\/wp-json\/wp\/v2\/product"}],"about":[{"href":"https:\/\/shop.winckelmann-gesellschaft.com\/mitglieder\/wp-json\/wp\/v2\/types\/product"}],"replies":[{"embeddable":true,"href":"https:\/\/shop.winckelmann-gesellschaft.com\/mitglieder\/wp-json\/wp\/v2\/comments?post=12"}],"wp:featuredmedia":[{"embeddable":true,"href":"https:\/\/shop.winckelmann-gesellschaft.com\/mitglieder\/wp-json\/wp\/v2\/media\/13"}],"wp:attachment":[{"href":"https:\/\/shop.winckelmann-gesellschaft.com\/mitglieder\/wp-json\/wp\/v2\/media?parent=12"}],"curies":[{"name":"wp","href":"https:\/\/api.w.org\/{rel}","templated":true}]}}