{"id":104,"date":"2014-05-01T00:53:34","date_gmt":"2014-04-30T23:53:34","guid":{"rendered":"http:\/\/shop.winckelmann-gesellschaft.com\/mitglieder\/produkt\/konstantin-kavafis-1863-1933\/"},"modified":"2014-07-05T20:47:40","modified_gmt":"2014-07-05T19:47:40","slug":"konstantin-kavafis-1863-1933","status":"publish","type":"product","link":"https:\/\/shop.winckelmann-gesellschaft.com\/mitglieder\/produkt\/konstantin-kavafis-1863-1933\/","title":{"rendered":"Konstantin Kavafis (1863 \u2013 1933)"},"content":{"rendered":"<p>\u00dcbersetzungen von ausgew\u00e4hlten Gedichten mit einer Einf\u00fchrung in das Werk des neugriechischen Dichters von J\u00f6rg Sch\u00e4fer.<\/p>\n","protected":false},"excerpt":{"rendered":"<p>Akzidenzen 11<br \/>\nFlugbl\u00e4tter der Winckelmann-Gesellschaft<br \/>\nStendal 2000.<br \/>\nHrsg. von Max Kunze<br \/>\n32 S.,<br \/>\nISBN 3-910060-37-4<br \/>\n2,00 \u20ac (f\u00fcr Mitglieder: 2,00 \u20ac)<\/p>\n","protected":false},"featured_media":244,"comment_status":"open","ping_status":"closed","template":"","meta":[],"_links":{"self":[{"href":"https:\/\/shop.winckelmann-gesellschaft.com\/mitglieder\/wp-json\/wp\/v2\/product\/104"}],"collection":[{"href":"https:\/\/shop.winckelmann-gesellschaft.com\/mitglieder\/wp-json\/wp\/v2\/product"}],"about":[{"href":"https:\/\/shop.winckelmann-gesellschaft.com\/mitglieder\/wp-json\/wp\/v2\/types\/product"}],"replies":[{"embeddable":true,"href":"https:\/\/shop.winckelmann-gesellschaft.com\/mitglieder\/wp-json\/wp\/v2\/comments?post=104"}],"wp:featuredmedia":[{"embeddable":true,"href":"https:\/\/shop.winckelmann-gesellschaft.com\/mitglieder\/wp-json\/wp\/v2\/media\/244"}],"wp:attachment":[{"href":"https:\/\/shop.winckelmann-gesellschaft.com\/mitglieder\/wp-json\/wp\/v2\/media?parent=104"}],"curies":[{"name":"wp","href":"https:\/\/api.w.org\/{rel}","templated":true}]}}