{"id":10,"date":"2014-05-02T00:51:22","date_gmt":"2014-05-01T23:51:22","guid":{"rendered":"http:\/\/shop.winckelmann-gesellschaft.com\/mitglieder\/produkt\/ulrike-steiner-die-anfaenge-der-archaeologie-in-folio-und-oktav-fremdsprachige-antikenpublikationen-und-reiseberichte-in-deutschen-ausgaben\/"},"modified":"2014-07-04T20:46:04","modified_gmt":"2014-07-04T19:46:04","slug":"ulrike-steiner-die-anfaenge-der-archaeologie-in-folio-und-oktav-fremdsprachige-antikenpublikationen-und-reiseberichte-in-deutschen-ausgaben","status":"publish","type":"product","link":"https:\/\/shop.winckelmann-gesellschaft.com\/mitglieder\/produkt\/ulrike-steiner-die-anfaenge-der-archaeologie-in-folio-und-oktav-fremdsprachige-antikenpublikationen-und-reiseberichte-in-deutschen-ausgaben\/","title":{"rendered":"Ulrike Steiner: Die Anf\u00e4nge der Arch\u00e4ologie in Folio und Oktav. Fremdsprachige Antikenpublikationen und Reiseberichte in deutschen Ausgaben."},"content":{"rendered":"<p>Die Aufkl\u00e4rung bereitete der b\u00fcrgerlichen Gesellschaft den Weg in die Antike. Sie \u00f6ffnete die gelehrte Welt der Antiquare und des Adels und machte die antike Vergangenheit zum allgemeinen<br \/>\nKulturgut der gebildeten St\u00e4nde, bevor die Arch\u00e4ologie als ein \u2013 wieder exklusives \u2013 wissenschaftliches Fach an den Universit\u00e4ten institutionalisiert wurde. Wissensdurst und Reiselust<br \/>\nlenkten den Blick auf die \u00dcberreste des Altertums. Forscherdrang und Prestigestreben f\u00fchrten zur Wiederentdeckung bekannter antiker St\u00e4tten und zu neuen sensationellen Funden.<br \/>\nPr\u00e4chtige Stichwerke und zahllose Reiseberichte vermehrten die Informationen in Wort und Bild. Wie dem deutschsprachigen Leser die Rezeption der meist fremdsprachigen Neuerscheinungen auf<br \/>\ndem Buchmarkt m\u00f6glich war, wie er an der Verbreitung arch\u00e4ologischen Wissens teilhaben konnte, ist Gegenstand der vorliegenden Publikation.<\/p>\n","protected":false},"excerpt":{"rendered":"<p>Stendaler Winckelmann-Forschungen 5<br \/>\nVerlag Franz Philipp Rutzen<br \/>\nRuhpolding und Mainz 2005.<br \/>\nHrsg. von Max Kunze<br \/>\n344 S., 318 Abb.<br \/>\nISBN 3-928646-02-0<br \/>\n36 \u20ac (f\u00fcr Mitglieder: 24,00 \u20ac)<\/p>\n","protected":false},"featured_media":11,"comment_status":"open","ping_status":"closed","template":"","meta":[],"_links":{"self":[{"href":"https:\/\/shop.winckelmann-gesellschaft.com\/mitglieder\/wp-json\/wp\/v2\/product\/10"}],"collection":[{"href":"https:\/\/shop.winckelmann-gesellschaft.com\/mitglieder\/wp-json\/wp\/v2\/product"}],"about":[{"href":"https:\/\/shop.winckelmann-gesellschaft.com\/mitglieder\/wp-json\/wp\/v2\/types\/product"}],"replies":[{"embeddable":true,"href":"https:\/\/shop.winckelmann-gesellschaft.com\/mitglieder\/wp-json\/wp\/v2\/comments?post=10"}],"wp:featuredmedia":[{"embeddable":true,"href":"https:\/\/shop.winckelmann-gesellschaft.com\/mitglieder\/wp-json\/wp\/v2\/media\/11"}],"wp:attachment":[{"href":"https:\/\/shop.winckelmann-gesellschaft.com\/mitglieder\/wp-json\/wp\/v2\/media?parent=10"}],"curies":[{"name":"wp","href":"https:\/\/api.w.org\/{rel}","templated":true}]}}