{"id":231,"date":"2014-04-30T16:52:59","date_gmt":"2014-04-30T15:52:59","guid":{"rendered":"http:\/\/shop.winckelmann-gesellschaft.com\/mitglieder\/?page_id=231"},"modified":"2014-04-30T16:52:59","modified_gmt":"2014-04-30T15:52:59","slug":"allgemeine-geschaeftsbedingungen","status":"publish","type":"page","link":"https:\/\/shop.winckelmann-gesellschaft.com\/mitglieder\/allgemeine-geschaeftsbedingungen\/","title":{"rendered":"Allgemeine Gesch\u00e4ftsbedingungen"},"content":{"rendered":"<p>Allgemeine Gesch\u00e4ftsbedingungen<br \/>\nder Winckelmann-Gesellschaft e.V.<\/p>\n<p><strong>\u00a71 Geltung gegen\u00fcber Unternehmern und Begriffsdefinitionen<\/strong><br \/>\n(1) Die nachfolgenden Allgemeinen Gesch\u00e4ftsbedingungen gelten f\u00fcr alle Lieferungen zwischen uns und einem Verbraucher in ihrer zum Zeitpunkt der Bestellung g\u00fcltigen Fassung.\u2028\u2028(2) \u201eVerbraucher\u201c im Sinne dieser Gesch\u00e4ftsbedingungen ist jede nat\u00fcrliche Person, die ein Rechtsgesch\u00e4ft zu einem Zwecke abschlie\u00dft, der weder ihrer gewerblichen noch ihrer selbst\u00e4ndigen beruflichen T\u00e4tigkeit zugerechnet werden kann.<\/p>\n<p><strong>\u00a72 Zustandekommen eines Vertrages, Speicherung des Vertragstextes<\/strong><br \/>\n(1) Die folgenden Regelungen \u00fcber den Vertragsabschluss gelten f\u00fcr Bestellungen \u00fcber unseren Internetshop www.winckelmann-gesellschaft.com.<\/p>\n<p>(2) Im Falle des Vertragsschlusses kommt der Vertrag mit\u2028\u2028Winckelmann-Gesellschaft e.V.\u2028vertreten durch den Pr\u00e4sidenten Prof. Dr. Max Kunze\u2028Winckelmannstra\u00dfe 36-38\u2028D-39576 Stendal\u2028Registernummer VR 135\u2028Registergericht Amtsgericht Stendal\u2028zustande.<\/p>\n<p>(3) Die Pr\u00e4sentation der Waren in unserem Internetshop stellt kein rechtlich bindendes Vertragsangebot unsererseits dar, sondern ist nur eine unverbindliche Aufforderung an den Verbraucher, Waren zu bestellen.<\/p>\n<p>Die Bestellung erfolgt in folgenden Schritten:<\/p>\n<p>1) Auswahl der gew\u00fcnschten Ware<br \/>\n2) Best\u00e4tigen durch Anklicken des Buttons \u201eBestellen\u201c<br \/>\n3) Pr\u00fcfung der Angaben im Warenkorb<br \/>\n4) Bet\u00e4tigung des Buttons \u201ezur Kasse\u201c<br \/>\n5) Eingabe der Rechnungs- und Lieferadresse<br \/>\n6) Nochmalige Pr\u00fcfung bzw. Berichtigung der jeweiligen eingegebenen Daten<br \/>\n7) Verbindliche Absendung der Bestellung<\/p>\n<p>Mit Eingang der Bestellung der gew\u00fcnschten Ware gibt der Verbraucher ein f\u00fcr ihn verbindliches Angebot auf Abschluss eines Kaufvertrages ab.<br \/>\nWir best\u00e4tigen den Eingang der Bestellung unmittelbar durch eine automatisch generierte Auftragsbest\u00e4tigung. Mit dieser nehmen wir Ihr Angebot an.<\/p>\n<p>(4) Die AGB k\u00f6nnen Sie jederzeit auch unter www.winckelmann-gesellschaft.com einsehen. Ihre Bestelldaten sind aus Sicherheitsgr\u00fcnden \u00fcber das Internet nicht mehr zug\u00e4nglich (Datenschutz).<\/p>\n<p>\u00a73 Preise, Versandkosten, Zahlung<br \/>\n(1)\u00a0\u00a0 \u00a0Die Ums\u00e4tze der Winckelmann-Gesellschaft e.V. sind von der USt befreit. Die Preise enthalten demzufolge keine USt. Zum Preis der Ware kommen Versandkosten hinzu, die das Programm nach dem Gewicht der Sendung und den Portokosten berechnet. Diese werden automatisch angezeigt.\u2028(2)\u00a0\u00a0 \u00a0Der Verbraucher erh\u00e4lt eine Online-Rechnung, es besteht ausschlie\u00dflich die M\u00f6glichkeit der Zahlung per \u00dcberweisung. Die \u00dcberweisung erfolgt auf das Konto der Winckelmann-Gesellschaft bei der<\/p>\n<p>Der Rechnungsbetrag ist im Voraus zu bezahlen. Die Lieferung erfolgt nach Zahlungseingang.<\/p>\n<p><strong>\u00a74 Lieferung<\/strong><br \/>\n(1) Sofern wir dies in der Produktbeschreibung nicht deutlich anders angegeben haben, sind alle von uns angebotenen Artikel sofort versandfertig.<\/p>\n<p><strong>\u00a75 Eigentumsvorbehalt<\/strong><br \/>\nDie Ware bleibt bis zur vollst\u00e4ndigen Bezahlung Eigentum der Winckelmann-Gesellschaft e.V.<\/p>\n<p><strong>\u00a76 R\u00fcckgaberecht, R\u00fcckgabebelehrung\u2028\u2028<\/strong><br \/>\nMangelhafte oder nicht bestellte Ware bitten wir freigemacht an die Winckelmann-Gesellschaft e.V., Winckelmannstra\u00dfe 36-38, D-39576 Stendal, zur\u00fcckzusenden. Den Grund der R\u00fccksendung bzw. die genaue Angabe des \/ der falsch gelieferten Titel bitten wir anliegend anzugeben, um uns die Bearbeitung zu erleichtern. Ebenso bitten wir Sie, zumindest eine Kopie der Rechnung zum Zwecke der Zuordnung beizuf\u00fcgen. Berechtigte Reklamationen werden wir innerhalb angemessener Frist erf\u00fcllen.<\/p>\n<p>Eine vom Kunden der Winckelmann-Gesellschaft e.V. zum Zwecke der Nacherf\u00fcllung gesetzte Nachfrist muss mindestens zwei Wochen betragen. Sollten wir innerhalb dieser Frist nicht in der Lage sein, die Nacherf\u00fcllung vorzunehmen, oder diese vorab ablehnen, weil beispielsweise die Ware als Titel endg\u00fcltig vergriffen ist, kann der Kunde die gesetzlich vorgesehenen Anspr\u00fcche geltend machen.<br \/>\n2. Die Winckelmann-Gesellschaft e.V. haftet ausschlie\u00dflich f\u00fcr F\u00e4lle von Vorsatz oder grober Fahrl\u00e4ssigkeit. Im Falle der leicht fahrl\u00e4ssigen Verletzung einer vertraglichen Hauptpflicht haften wir nur f\u00fcr den typischerweise vorhersehbaren Schaden, soweit dessen H\u00f6he den Kaufpreis der Ware nicht \u00fcberschreitet.<br \/>\n<strong>\u00a77 Vertragsprache<\/strong><br \/>\nDie Vertragssprache ist ausschlie\u00dflich deutsch.<\/p>\n<p><strong>\u2028\u2028\u2028\u00a78 Kundendienst<\/strong><br \/>\nUnser Kundendienst f\u00fcr Fragen, Reklamationen und Beanstandungen steht Ihnen werktags von<br \/>\n9:00 Uhr bis 16:00 Uhr unter<br \/>\nTelefon: 03931 &#8211; 215226<br \/>\nTelefax: 03931 &#8211; 215227<br \/>\nE-Mail: info@winckelmann-gesellschaft.com<br \/>\nzur Verf\u00fcgung.<\/p>\n<p>Stand der AGB April 2014\u2028Gratis AGB erstellt von agb.de<\/p>\n","protected":false},"excerpt":{"rendered":"<p>Allgemeine Gesch\u00e4ftsbedingungen der Winckelmann-Gesellschaft e.V. \u00a71 Geltung gegen\u00fcber Unternehmern und Begriffsdefinitionen (1) Die nachfolgenden Allgemeinen Gesch\u00e4ftsbedingungen gelten f\u00fcr alle Lieferungen zwischen uns und einem Verbraucher in ihrer zum Zeitpunkt der Bestellung g\u00fcltigen Fassung.\u2028\u2028(2) \u201eVerbraucher\u201c im Sinne dieser Gesch\u00e4ftsbedingungen ist jede nat\u00fcrliche Person, die ein Rechtsgesch\u00e4ft zu einem Zwecke abschlie\u00dft, der weder ihrer gewerblichen noch ihrer<\/p>\n","protected":false},"author":1,"featured_media":0,"parent":0,"menu_order":0,"comment_status":"open","ping_status":"open","template":"","meta":[],"_links":{"self":[{"href":"https:\/\/shop.winckelmann-gesellschaft.com\/mitglieder\/wp-json\/wp\/v2\/pages\/231"}],"collection":[{"href":"https:\/\/shop.winckelmann-gesellschaft.com\/mitglieder\/wp-json\/wp\/v2\/pages"}],"about":[{"href":"https:\/\/shop.winckelmann-gesellschaft.com\/mitglieder\/wp-json\/wp\/v2\/types\/page"}],"author":[{"embeddable":true,"href":"https:\/\/shop.winckelmann-gesellschaft.com\/mitglieder\/wp-json\/wp\/v2\/users\/1"}],"replies":[{"embeddable":true,"href":"https:\/\/shop.winckelmann-gesellschaft.com\/mitglieder\/wp-json\/wp\/v2\/comments?post=231"}],"version-history":[{"count":1,"href":"https:\/\/shop.winckelmann-gesellschaft.com\/mitglieder\/wp-json\/wp\/v2\/pages\/231\/revisions"}],"predecessor-version":[{"id":232,"href":"https:\/\/shop.winckelmann-gesellschaft.com\/mitglieder\/wp-json\/wp\/v2\/pages\/231\/revisions\/232"}],"wp:attachment":[{"href":"https:\/\/shop.winckelmann-gesellschaft.com\/mitglieder\/wp-json\/wp\/v2\/media?parent=231"}],"curies":[{"name":"wp","href":"https:\/\/api.w.org\/{rel}","templated":true}]}}